{"id":324,"date":"2014-11-24T16:19:17","date_gmt":"2014-11-24T14:19:17","guid":{"rendered":"http:\/\/www.bitekbremen.de\/?page_id=324"},"modified":"2021-11-09T15:02:38","modified_gmt":"2021-11-09T13:02:38","slug":"unidentified-explosive-ordnance-clearance-land","status":"publish","type":"page","link":"https:\/\/www.bitekbremen.de\/en\/unidentified-explosive-ordnance-clearance-land\/","title":{"rendered":"Unexploded ordnance clearance &#8211; land"},"content":{"rendered":"<p>All work is carried out in accordance with the latest technological standards and in compliance with the relevant legal requirements.<\/p>\n<h3>Our services include:<\/h3>\n<ul>\n<li>UXO preliminary investigations for the purpose of risk assessment<\/li>\n<li>Drawing up of detailed procedures for explosive ordnance clearance<\/li>\n<li>Surface survey with deployment of IT and D-GPS systems with single and multi-channel technology, or TDEM detection<\/li>\n<li>Detection, uncovering, identification and recovery of unexploded ordnance<\/li>\n<li>Surveying of construction sites or excavation monitoring of the soils with pit bottom investigation<\/li>\n<li>Subsurface \/ borehole surveys in the vicinity of pile foundations, sheet piling and suspected bomb sites, etc.<\/li>\n<li>Bomb clearance with installation of shoring and water evacuation or lowering of the ground water<\/li>\n<li>Clearance of munitions<\/li>\n<li>Mechanical separation<\/li>\n<li>Deployment of decontamination systems<\/li>\n<li>Deployment of large-scale equipment, such as hydraulic excavators<\/li>\n<li>Deployment of x-ray equipment<\/li>\n<\/ul>\n<h3>Our services are performed solely by fully qualified personnel, such as:<\/h3>\n<ul>\n<li>Disposal squad leaders and EOD personal (pyrotechnicians) certified to \u00a7 20 of the German Explosives Act (SprengG)<\/li>\n<li>Fully qualified and experienced detector\/sensor operators<\/li>\n<li>Fully qualified and experienced ordnance clearance operatives<\/li>\n<li>Fully qualified machine operators<\/li>\n<li>IT and surveying technicians<\/li>\n<\/ul>\n<p>All personnel have the requisite qualifications, are trained first-aiders and receive regular training and health checks<\/p>\n<p>All work is carried out in accordance with the latest technical standards. The technology is adapted and tailored to meet the individual requirements on site and or, of our customers.<br \/>\nDue to the highly hazardous nature of explosive ordnance clearance, our safety standards are second to none. Professionalism, quality and safety are the hallmarks of our business, so our customers know they can count on BITEK. Our quality and safety management system ensures that we consistently deliver the highest operational standards at all times.<\/p>\n","protected":false},"excerpt":{"rendered":"<p>All work is carried out in accordance with the latest technological standards and in compliance with the relevant legal requirements. Our services include: UXO preliminary investigations for the purpose of risk assessment Drawing up of detailed procedures for explosive ordnance clearance Surface survey with deployment of IT and D-GPS systems with single and multi-channel technology, [&hellip;]<\/p>\n","protected":false},"author":5,"featured_media":0,"parent":0,"menu_order":2,"comment_status":"closed","ping_status":"closed","template":"single_page.php","meta":{"_acf_changed":false,"footnotes":""},"class_list":["post-324","page","type-page","status-publish","hentry"],"acf":[],"yoast_head":"<!-- This site is optimized with the Yoast SEO plugin v26.9 - https:\/\/yoast.com\/product\/yoast-seo-wordpress\/ -->\n<title>Unexploded ordnance clearance - land - BITEK<\/title>\n<meta name=\"description\" content=\"F\u00fcr die Kampfmittelbergung Land ist bitekbremen der Spezialist. Tiefensondierung, Oberfl\u00e4chensondierung, Aushub\u00fcberwachung, Bombenbergung\" \/>\n<meta name=\"robots\" content=\"index, follow, max-snippet:-1, max-image-preview:large, max-video-preview:-1\" \/>\n<link rel=\"canonical\" href=\"https:\/\/www.bitekbremen.de\/en\/unidentified-explosive-ordnance-clearance-land\/\" \/>\n<meta property=\"og:locale\" content=\"en_US\" \/>\n<meta property=\"og:type\" content=\"article\" \/>\n<meta property=\"og:title\" content=\"BITEK - Kampfmittelbergung an Land\" \/>\n<meta property=\"og:description\" content=\"In der Kampfmittelbergung an Land ist BITEK der Spezialist. Wir f\u00fchren Oberfl\u00e4chensondierungen, Tiefensondierungen, Bombenbergungen aus.\" \/>\n<meta property=\"og:url\" content=\"https:\/\/www.bitekbremen.de\/en\/unidentified-explosive-ordnance-clearance-land\/\" \/>\n<meta property=\"og:site_name\" content=\"BITEK\" \/>\n<meta property=\"article:publisher\" content=\"https:\/\/www.facebook.com\/bitekbremen\/\" \/>\n<meta property=\"article:modified_time\" content=\"2021-11-09T13:02:38+00:00\" \/>\n<meta property=\"og:image\" content=\"https:\/\/www.bitekbremen.de\/wp-content\/uploads\/Sondieren.jpg\" \/>\n\t<meta property=\"og:image:width\" content=\"980\" \/>\n\t<meta property=\"og:image:height\" content=\"369\" \/>\n\t<meta property=\"og:image:type\" content=\"image\/jpeg\" \/>\n<meta name=\"twitter:card\" content=\"summary_large_image\" \/>\n<meta name=\"twitter:site\" content=\"@BitekWache\" \/>\n<meta name=\"twitter:label1\" content=\"Est. reading time\" \/>\n\t<meta name=\"twitter:data1\" content=\"1 minute\" \/>\n<script type=\"application\/ld+json\" class=\"yoast-schema-graph\">{\"@context\":\"https:\/\/schema.org\",\"@graph\":[{\"@type\":\"WebPage\",\"@id\":\"https:\/\/www.bitekbremen.de\/en\/unidentified-explosive-ordnance-clearance-land\/\",\"url\":\"https:\/\/www.bitekbremen.de\/en\/unidentified-explosive-ordnance-clearance-land\/\",\"name\":\"Unexploded ordnance clearance - land - BITEK\",\"isPartOf\":{\"@id\":\"https:\/\/www.bitekbremen.de\/en\/#website\"},\"datePublished\":\"2014-11-24T14:19:17+00:00\",\"dateModified\":\"2021-11-09T13:02:38+00:00\",\"description\":\"F\u00fcr die Kampfmittelbergung Land ist bitekbremen der Spezialist. Tiefensondierung, Oberfl\u00e4chensondierung, Aushub\u00fcberwachung, Bombenbergung\",\"breadcrumb\":{\"@id\":\"https:\/\/www.bitekbremen.de\/en\/unidentified-explosive-ordnance-clearance-land\/#breadcrumb\"},\"inLanguage\":\"en-US\",\"potentialAction\":[{\"@type\":\"ReadAction\",\"target\":[\"https:\/\/www.bitekbremen.de\/en\/unidentified-explosive-ordnance-clearance-land\/\"]}]},{\"@type\":\"BreadcrumbList\",\"@id\":\"https:\/\/www.bitekbremen.de\/en\/unidentified-explosive-ordnance-clearance-land\/#breadcrumb\",\"itemListElement\":[{\"@type\":\"ListItem\",\"position\":1,\"name\":\"Home\",\"item\":\"https:\/\/www.bitekbremen.de\/en\/\"},{\"@type\":\"ListItem\",\"position\":2,\"name\":\"Unexploded ordnance clearance &#8211; land\"}]},{\"@type\":\"WebSite\",\"@id\":\"https:\/\/www.bitekbremen.de\/en\/#website\",\"url\":\"https:\/\/www.bitekbremen.de\/en\/\",\"name\":\"BITEK Kampfmittelsondierung und Beseitigung | Unterwasserarbeiten | Tauchbetrieb | Bombenentsch\u00e4rfung\",\"description\":\"Kampfmittelbergung und Unterwasserarbeiten\",\"publisher\":{\"@id\":\"https:\/\/www.bitekbremen.de\/en\/#organization\"},\"potentialAction\":[{\"@type\":\"SearchAction\",\"target\":{\"@type\":\"EntryPoint\",\"urlTemplate\":\"https:\/\/www.bitekbremen.de\/en\/?s={search_term_string}\"},\"query-input\":{\"@type\":\"PropertyValueSpecification\",\"valueRequired\":true,\"valueName\":\"search_term_string\"}}],\"inLanguage\":\"en-US\"},{\"@type\":\"Organization\",\"@id\":\"https:\/\/www.bitekbremen.de\/en\/#organization\",\"name\":\"BITEK Bergungsdienst GmbH\",\"url\":\"https:\/\/www.bitekbremen.de\/en\/\",\"logo\":{\"@type\":\"ImageObject\",\"inLanguage\":\"en-US\",\"@id\":\"https:\/\/www.bitekbremen.de\/en\/#\/schema\/logo\/image\/\",\"url\":\"https:\/\/www.bitekbremen.de\/wp-content\/uploads\/BITEK-Schriftzug-blau.jpg\",\"contentUrl\":\"https:\/\/www.bitekbremen.de\/wp-content\/uploads\/BITEK-Schriftzug-blau.jpg\",\"width\":1213,\"height\":138,\"caption\":\"BITEK Bergungsdienst GmbH\"},\"image\":{\"@id\":\"https:\/\/www.bitekbremen.de\/en\/#\/schema\/logo\/image\/\"},\"sameAs\":[\"https:\/\/www.facebook.com\/bitekbremen\/\",\"https:\/\/x.com\/BitekWache\"]}]}<\/script>\n<!-- \/ Yoast SEO plugin. -->","yoast_head_json":{"title":"Unexploded ordnance clearance - land - BITEK","description":"F\u00fcr die Kampfmittelbergung Land ist bitekbremen der Spezialist. Tiefensondierung, Oberfl\u00e4chensondierung, Aushub\u00fcberwachung, Bombenbergung","robots":{"index":"index","follow":"follow","max-snippet":"max-snippet:-1","max-image-preview":"max-image-preview:large","max-video-preview":"max-video-preview:-1"},"canonical":"https:\/\/www.bitekbremen.de\/en\/unidentified-explosive-ordnance-clearance-land\/","og_locale":"en_US","og_type":"article","og_title":"BITEK - Kampfmittelbergung an Land","og_description":"In der Kampfmittelbergung an Land ist BITEK der Spezialist. Wir f\u00fchren Oberfl\u00e4chensondierungen, Tiefensondierungen, Bombenbergungen aus.","og_url":"https:\/\/www.bitekbremen.de\/en\/unidentified-explosive-ordnance-clearance-land\/","og_site_name":"BITEK","article_publisher":"https:\/\/www.facebook.com\/bitekbremen\/","article_modified_time":"2021-11-09T13:02:38+00:00","og_image":[{"width":980,"height":369,"url":"https:\/\/www.bitekbremen.de\/wp-content\/uploads\/Sondieren.jpg","type":"image\/jpeg"}],"twitter_card":"summary_large_image","twitter_site":"@BitekWache","twitter_misc":{"Est. reading time":"1 minute"},"schema":{"@context":"https:\/\/schema.org","@graph":[{"@type":"WebPage","@id":"https:\/\/www.bitekbremen.de\/en\/unidentified-explosive-ordnance-clearance-land\/","url":"https:\/\/www.bitekbremen.de\/en\/unidentified-explosive-ordnance-clearance-land\/","name":"Unexploded ordnance clearance - land - BITEK","isPartOf":{"@id":"https:\/\/www.bitekbremen.de\/en\/#website"},"datePublished":"2014-11-24T14:19:17+00:00","dateModified":"2021-11-09T13:02:38+00:00","description":"F\u00fcr die Kampfmittelbergung Land ist bitekbremen der Spezialist. Tiefensondierung, Oberfl\u00e4chensondierung, Aushub\u00fcberwachung, Bombenbergung","breadcrumb":{"@id":"https:\/\/www.bitekbremen.de\/en\/unidentified-explosive-ordnance-clearance-land\/#breadcrumb"},"inLanguage":"en-US","potentialAction":[{"@type":"ReadAction","target":["https:\/\/www.bitekbremen.de\/en\/unidentified-explosive-ordnance-clearance-land\/"]}]},{"@type":"BreadcrumbList","@id":"https:\/\/www.bitekbremen.de\/en\/unidentified-explosive-ordnance-clearance-land\/#breadcrumb","itemListElement":[{"@type":"ListItem","position":1,"name":"Home","item":"https:\/\/www.bitekbremen.de\/en\/"},{"@type":"ListItem","position":2,"name":"Unexploded ordnance clearance &#8211; land"}]},{"@type":"WebSite","@id":"https:\/\/www.bitekbremen.de\/en\/#website","url":"https:\/\/www.bitekbremen.de\/en\/","name":"BITEK Kampfmittelsondierung und Beseitigung | Unterwasserarbeiten | Tauchbetrieb | Bombenentsch\u00e4rfung","description":"Kampfmittelbergung und Unterwasserarbeiten","publisher":{"@id":"https:\/\/www.bitekbremen.de\/en\/#organization"},"potentialAction":[{"@type":"SearchAction","target":{"@type":"EntryPoint","urlTemplate":"https:\/\/www.bitekbremen.de\/en\/?s={search_term_string}"},"query-input":{"@type":"PropertyValueSpecification","valueRequired":true,"valueName":"search_term_string"}}],"inLanguage":"en-US"},{"@type":"Organization","@id":"https:\/\/www.bitekbremen.de\/en\/#organization","name":"BITEK Bergungsdienst GmbH","url":"https:\/\/www.bitekbremen.de\/en\/","logo":{"@type":"ImageObject","inLanguage":"en-US","@id":"https:\/\/www.bitekbremen.de\/en\/#\/schema\/logo\/image\/","url":"https:\/\/www.bitekbremen.de\/wp-content\/uploads\/BITEK-Schriftzug-blau.jpg","contentUrl":"https:\/\/www.bitekbremen.de\/wp-content\/uploads\/BITEK-Schriftzug-blau.jpg","width":1213,"height":138,"caption":"BITEK Bergungsdienst GmbH"},"image":{"@id":"https:\/\/www.bitekbremen.de\/en\/#\/schema\/logo\/image\/"},"sameAs":["https:\/\/www.facebook.com\/bitekbremen\/","https:\/\/x.com\/BitekWache"]}]}},"_links":{"self":[{"href":"https:\/\/www.bitekbremen.de\/en\/wp-json\/wp\/v2\/pages\/324","targetHints":{"allow":["GET"]}}],"collection":[{"href":"https:\/\/www.bitekbremen.de\/en\/wp-json\/wp\/v2\/pages"}],"about":[{"href":"https:\/\/www.bitekbremen.de\/en\/wp-json\/wp\/v2\/types\/page"}],"author":[{"embeddable":true,"href":"https:\/\/www.bitekbremen.de\/en\/wp-json\/wp\/v2\/users\/5"}],"replies":[{"embeddable":true,"href":"https:\/\/www.bitekbremen.de\/en\/wp-json\/wp\/v2\/comments?post=324"}],"version-history":[{"count":0,"href":"https:\/\/www.bitekbremen.de\/en\/wp-json\/wp\/v2\/pages\/324\/revisions"}],"wp:attachment":[{"href":"https:\/\/www.bitekbremen.de\/en\/wp-json\/wp\/v2\/media?parent=324"}],"curies":[{"name":"wp","href":"https:\/\/api.w.org\/{rel}","templated":true}]}}