{"id":329,"date":"2014-11-24T16:19:45","date_gmt":"2014-11-24T14:19:45","guid":{"rendered":"http:\/\/www.bitekbremen.de\/?page_id=329"},"modified":"2021-11-09T18:25:52","modified_gmt":"2021-11-09T16:25:52","slug":"underwater-operations","status":"publish","type":"page","link":"https:\/\/www.bitekbremen.de\/en\/underwater-operations\/","title":{"rendered":"Underwater operations"},"content":{"rendered":"<p>All work is carried out in accordance with the latest technological standards and in compliance with the relevant legal requirements.<\/p>\n<h3>Our services include:<\/h3>\n<ul>\n<li>Customised solutions for structural engineering<\/li>\n<li>Explosive ordnance clearance in all waters<\/li>\n<li>Underwater concrete work<\/li>\n<li>Underwater core drilling operations<\/li>\n<li>Underwater cutting and welding<\/li>\n<li>Underwater installation and dismantling<\/li>\n<li>Inspection of structures and sheet piling<\/li>\n<li>Ultrasonic measurements<\/li>\n<li>Underwater grouting<\/li>\n<li>Refurbishment of sheet piling (plating, preservation, etc.)<\/li>\n<li>Suction and water rinsing (flushing) operations<\/li>\n<li>High-pressure water cleaning<\/li>\n<li>Inspection of ships according to classification<\/li>\n<li>Underwater video recording and photography<\/li>\n<li>Salvage operations<\/li>\n<li>Diving operations in water filled (underwater) tunnels<\/li>\n<li>Overpressure operations, such as in caisson deployment<\/li>\n<li>Laying of cables and pipelines<\/li>\n<li>Deployment of diving and recovery vessels<\/li>\n<li>Deployment of current flow protection technology<\/li>\n<li>Deployment of ROV (Remotely Operated Vehicle)<\/li>\n<li>Deployment of underwater air\/hydraulic tools<\/li>\n<\/ul>\n<h3>Our services are performed solely by fully qualified personnel, such as:<\/h3>\n<ul>\n<li>Fully qualified professional divers certified to BGV C23<\/li>\n<li>Fully qualified signalmen certified to BGV C23,<\/li>\n<li>Fully qualified ship captain (masters) and seamen,<\/li>\n<li>Fully qualified machine operators<\/li>\n<li>IT and surveying technicians<\/li>\n<li>Fully qualified ROV pilots,<\/li>\n<li>Personnel with the requisite additional qualifications for offshore operations<\/li>\n<\/ul>\n<p>All personnel have the requisite qualifications, are trained first-aiders and receive regular training and health checks.<\/p>\n<p>All work is carried out in accordance with the latest technical standards. The technology is adapted and tailored to meet the individual requirements of our customers.<br \/>\nDue to the highly hazardous nature of explosive ordnance clearance, our safety standards are very high \/ second to none. Professionalism, quality and safety are the hallmarks of our business, so our customers know they can rely (count) on BITEK. Our quality and safety management system ensures that we consistently deliver the highest operational standards at all times.<\/p>\n","protected":false},"excerpt":{"rendered":"<p>All work is carried out in accordance with the latest technological standards and in compliance with the relevant legal requirements. Our services include: Customised solutions for structural engineering Explosive ordnance clearance in all waters Underwater concrete work Underwater core drilling operations Underwater cutting and welding Underwater installation and dismantling Inspection of structures and sheet piling [&hellip;]<\/p>\n","protected":false},"author":5,"featured_media":0,"parent":0,"menu_order":2,"comment_status":"closed","ping_status":"closed","template":"single_page.php","meta":{"_acf_changed":false,"footnotes":""},"class_list":["post-329","page","type-page","status-publish","hentry"],"acf":[],"yoast_head":"<!-- This site is optimized with the Yoast SEO plugin v26.9 - https:\/\/yoast.com\/product\/yoast-seo-wordpress\/ -->\n<title>BITEK Tauchbetrieb - Tauchunternehmen f\u00fcr Unterwasserarbeiten<\/title>\n<meta name=\"description\" content=\"BITEK ein Tauchbetrieb f\u00fcr Unterwasserarbeiten aller Art. Ein Tauchunternehmen f\u00fcr Unterwasserbrennen Unterwasserschwei\u00dfen Unterwasserbeton\" \/>\n<meta name=\"robots\" content=\"index, follow, max-snippet:-1, max-image-preview:large, max-video-preview:-1\" \/>\n<link rel=\"canonical\" href=\"https:\/\/www.bitekbremen.de\/en\/underwater-operations\/\" \/>\n<meta property=\"og:locale\" content=\"en_US\" \/>\n<meta property=\"og:type\" content=\"article\" \/>\n<meta property=\"og:title\" content=\"BITEK Tauchbetrieb - Tauchunternehmen f\u00fcr Unterwasserarbeiten\" \/>\n<meta property=\"og:description\" content=\"BITEK ein Tauchbetrieb f\u00fcr Unterwasserarbeiten aller Art. Ein Tauchunternehmen f\u00fcr Unterwasserbrennen Unterwasserschwei\u00dfen Unterwasserbeton\" \/>\n<meta property=\"og:url\" content=\"https:\/\/www.bitekbremen.de\/en\/underwater-operations\/\" \/>\n<meta property=\"og:site_name\" content=\"BITEK\" \/>\n<meta property=\"article:publisher\" content=\"https:\/\/www.facebook.com\/bitekbremen\/\" \/>\n<meta property=\"article:modified_time\" content=\"2021-11-09T16:25:52+00:00\" \/>\n<meta property=\"og:image\" content=\"https:\/\/www.bitekbremen.de\/wp-content\/uploads\/Taucher.jpg\" \/>\n\t<meta property=\"og:image:width\" content=\"980\" \/>\n\t<meta property=\"og:image:height\" content=\"369\" \/>\n\t<meta property=\"og:image:type\" content=\"image\/jpeg\" \/>\n<meta name=\"twitter:card\" content=\"summary_large_image\" \/>\n<meta name=\"twitter:site\" content=\"@BitekWache\" \/>\n<meta name=\"twitter:label1\" content=\"Est. reading time\" \/>\n\t<meta name=\"twitter:data1\" content=\"1 minute\" \/>\n<script type=\"application\/ld+json\" class=\"yoast-schema-graph\">{\"@context\":\"https:\/\/schema.org\",\"@graph\":[{\"@type\":\"WebPage\",\"@id\":\"https:\/\/www.bitekbremen.de\/en\/underwater-operations\/\",\"url\":\"https:\/\/www.bitekbremen.de\/en\/underwater-operations\/\",\"name\":\"BITEK Tauchbetrieb - Tauchunternehmen f\u00fcr Unterwasserarbeiten\",\"isPartOf\":{\"@id\":\"https:\/\/www.bitekbremen.de\/en\/#website\"},\"datePublished\":\"2014-11-24T14:19:45+00:00\",\"dateModified\":\"2021-11-09T16:25:52+00:00\",\"description\":\"BITEK ein Tauchbetrieb f\u00fcr Unterwasserarbeiten aller Art. Ein Tauchunternehmen f\u00fcr Unterwasserbrennen Unterwasserschwei\u00dfen Unterwasserbeton\",\"breadcrumb\":{\"@id\":\"https:\/\/www.bitekbremen.de\/en\/underwater-operations\/#breadcrumb\"},\"inLanguage\":\"en-US\",\"potentialAction\":[{\"@type\":\"ReadAction\",\"target\":[\"https:\/\/www.bitekbremen.de\/en\/underwater-operations\/\"]}]},{\"@type\":\"BreadcrumbList\",\"@id\":\"https:\/\/www.bitekbremen.de\/en\/underwater-operations\/#breadcrumb\",\"itemListElement\":[{\"@type\":\"ListItem\",\"position\":1,\"name\":\"Home\",\"item\":\"https:\/\/www.bitekbremen.de\/en\/\"},{\"@type\":\"ListItem\",\"position\":2,\"name\":\"Underwater operations\"}]},{\"@type\":\"WebSite\",\"@id\":\"https:\/\/www.bitekbremen.de\/en\/#website\",\"url\":\"https:\/\/www.bitekbremen.de\/en\/\",\"name\":\"BITEK Kampfmittelsondierung und Beseitigung | Unterwasserarbeiten | Tauchbetrieb | Bombenentsch\u00e4rfung\",\"description\":\"Kampfmittelbergung und Unterwasserarbeiten\",\"publisher\":{\"@id\":\"https:\/\/www.bitekbremen.de\/en\/#organization\"},\"potentialAction\":[{\"@type\":\"SearchAction\",\"target\":{\"@type\":\"EntryPoint\",\"urlTemplate\":\"https:\/\/www.bitekbremen.de\/en\/?s={search_term_string}\"},\"query-input\":{\"@type\":\"PropertyValueSpecification\",\"valueRequired\":true,\"valueName\":\"search_term_string\"}}],\"inLanguage\":\"en-US\"},{\"@type\":\"Organization\",\"@id\":\"https:\/\/www.bitekbremen.de\/en\/#organization\",\"name\":\"BITEK Bergungsdienst GmbH\",\"url\":\"https:\/\/www.bitekbremen.de\/en\/\",\"logo\":{\"@type\":\"ImageObject\",\"inLanguage\":\"en-US\",\"@id\":\"https:\/\/www.bitekbremen.de\/en\/#\/schema\/logo\/image\/\",\"url\":\"https:\/\/www.bitekbremen.de\/wp-content\/uploads\/BITEK-Schriftzug-blau.jpg\",\"contentUrl\":\"https:\/\/www.bitekbremen.de\/wp-content\/uploads\/BITEK-Schriftzug-blau.jpg\",\"width\":1213,\"height\":138,\"caption\":\"BITEK Bergungsdienst GmbH\"},\"image\":{\"@id\":\"https:\/\/www.bitekbremen.de\/en\/#\/schema\/logo\/image\/\"},\"sameAs\":[\"https:\/\/www.facebook.com\/bitekbremen\/\",\"https:\/\/x.com\/BitekWache\"]}]}<\/script>\n<!-- \/ Yoast SEO plugin. -->","yoast_head_json":{"title":"BITEK Tauchbetrieb - Tauchunternehmen f\u00fcr Unterwasserarbeiten","description":"BITEK ein Tauchbetrieb f\u00fcr Unterwasserarbeiten aller Art. Ein Tauchunternehmen f\u00fcr Unterwasserbrennen Unterwasserschwei\u00dfen Unterwasserbeton","robots":{"index":"index","follow":"follow","max-snippet":"max-snippet:-1","max-image-preview":"max-image-preview:large","max-video-preview":"max-video-preview:-1"},"canonical":"https:\/\/www.bitekbremen.de\/en\/underwater-operations\/","og_locale":"en_US","og_type":"article","og_title":"BITEK Tauchbetrieb - Tauchunternehmen f\u00fcr Unterwasserarbeiten","og_description":"BITEK ein Tauchbetrieb f\u00fcr Unterwasserarbeiten aller Art. Ein Tauchunternehmen f\u00fcr Unterwasserbrennen Unterwasserschwei\u00dfen Unterwasserbeton","og_url":"https:\/\/www.bitekbremen.de\/en\/underwater-operations\/","og_site_name":"BITEK","article_publisher":"https:\/\/www.facebook.com\/bitekbremen\/","article_modified_time":"2021-11-09T16:25:52+00:00","og_image":[{"width":980,"height":369,"url":"https:\/\/www.bitekbremen.de\/wp-content\/uploads\/Taucher.jpg","type":"image\/jpeg"}],"twitter_card":"summary_large_image","twitter_site":"@BitekWache","twitter_misc":{"Est. reading time":"1 minute"},"schema":{"@context":"https:\/\/schema.org","@graph":[{"@type":"WebPage","@id":"https:\/\/www.bitekbremen.de\/en\/underwater-operations\/","url":"https:\/\/www.bitekbremen.de\/en\/underwater-operations\/","name":"BITEK Tauchbetrieb - Tauchunternehmen f\u00fcr Unterwasserarbeiten","isPartOf":{"@id":"https:\/\/www.bitekbremen.de\/en\/#website"},"datePublished":"2014-11-24T14:19:45+00:00","dateModified":"2021-11-09T16:25:52+00:00","description":"BITEK ein Tauchbetrieb f\u00fcr Unterwasserarbeiten aller Art. Ein Tauchunternehmen f\u00fcr Unterwasserbrennen Unterwasserschwei\u00dfen Unterwasserbeton","breadcrumb":{"@id":"https:\/\/www.bitekbremen.de\/en\/underwater-operations\/#breadcrumb"},"inLanguage":"en-US","potentialAction":[{"@type":"ReadAction","target":["https:\/\/www.bitekbremen.de\/en\/underwater-operations\/"]}]},{"@type":"BreadcrumbList","@id":"https:\/\/www.bitekbremen.de\/en\/underwater-operations\/#breadcrumb","itemListElement":[{"@type":"ListItem","position":1,"name":"Home","item":"https:\/\/www.bitekbremen.de\/en\/"},{"@type":"ListItem","position":2,"name":"Underwater operations"}]},{"@type":"WebSite","@id":"https:\/\/www.bitekbremen.de\/en\/#website","url":"https:\/\/www.bitekbremen.de\/en\/","name":"BITEK Kampfmittelsondierung und Beseitigung | Unterwasserarbeiten | Tauchbetrieb | Bombenentsch\u00e4rfung","description":"Kampfmittelbergung und Unterwasserarbeiten","publisher":{"@id":"https:\/\/www.bitekbremen.de\/en\/#organization"},"potentialAction":[{"@type":"SearchAction","target":{"@type":"EntryPoint","urlTemplate":"https:\/\/www.bitekbremen.de\/en\/?s={search_term_string}"},"query-input":{"@type":"PropertyValueSpecification","valueRequired":true,"valueName":"search_term_string"}}],"inLanguage":"en-US"},{"@type":"Organization","@id":"https:\/\/www.bitekbremen.de\/en\/#organization","name":"BITEK Bergungsdienst GmbH","url":"https:\/\/www.bitekbremen.de\/en\/","logo":{"@type":"ImageObject","inLanguage":"en-US","@id":"https:\/\/www.bitekbremen.de\/en\/#\/schema\/logo\/image\/","url":"https:\/\/www.bitekbremen.de\/wp-content\/uploads\/BITEK-Schriftzug-blau.jpg","contentUrl":"https:\/\/www.bitekbremen.de\/wp-content\/uploads\/BITEK-Schriftzug-blau.jpg","width":1213,"height":138,"caption":"BITEK Bergungsdienst GmbH"},"image":{"@id":"https:\/\/www.bitekbremen.de\/en\/#\/schema\/logo\/image\/"},"sameAs":["https:\/\/www.facebook.com\/bitekbremen\/","https:\/\/x.com\/BitekWache"]}]}},"_links":{"self":[{"href":"https:\/\/www.bitekbremen.de\/en\/wp-json\/wp\/v2\/pages\/329","targetHints":{"allow":["GET"]}}],"collection":[{"href":"https:\/\/www.bitekbremen.de\/en\/wp-json\/wp\/v2\/pages"}],"about":[{"href":"https:\/\/www.bitekbremen.de\/en\/wp-json\/wp\/v2\/types\/page"}],"author":[{"embeddable":true,"href":"https:\/\/www.bitekbremen.de\/en\/wp-json\/wp\/v2\/users\/5"}],"replies":[{"embeddable":true,"href":"https:\/\/www.bitekbremen.de\/en\/wp-json\/wp\/v2\/comments?post=329"}],"version-history":[{"count":0,"href":"https:\/\/www.bitekbremen.de\/en\/wp-json\/wp\/v2\/pages\/329\/revisions"}],"wp:attachment":[{"href":"https:\/\/www.bitekbremen.de\/en\/wp-json\/wp\/v2\/media?parent=329"}],"curies":[{"name":"wp","href":"https:\/\/api.w.org\/{rel}","templated":true}]}}